{"id":147,"date":"2025-05-29T16:19:54","date_gmt":"2025-05-29T14:19:54","guid":{"rendered":"https:\/\/milzi.org\/?page_id=147"},"modified":"2025-06-02T20:22:35","modified_gmt":"2025-06-02T18:22:35","slug":"engagement","status":"publish","type":"page","link":"https:\/\/milzi.org\/index.php\/engagement\/","title":{"rendered":"Ausrichtung MILZI"},"content":{"rendered":"\n<p><strong>Katastrophenhilfe und Vorsorge<\/strong><\/p>\n\n\n\n<p>Warum Katastrophenvorsorge heute wichtiger ist denn je:<br>\u00b7 Die Auswirkungen des Klimawandels sind l\u00e4ngst sp\u00fcrbar: Extremwetterlagen wie Starkregen, D\u00fcrreperioden, Hitzewellen und Waldbr\u00e4nde nehmen in Deutschland und weltweit messbar zu \u2013 und werden zur neuen Normalit\u00e4t.<br>\u00b7 Naturkatastrophen treffen oft unerwartet \u2013 und genau dann z\u00e4hlt jede Minute. Deshalb ist Vorsorge kein Luxus, sondern Notwendigkeit.<br>\u00b7 Je besser wir vorbereitet sind, desto mehr Menschenleben k\u00f6nnen wir retten, Sch\u00e4den begrenzen und solidarisch f\u00fcreinander da sein. Der MILZI e.V. sieht sich als Teil einer aktiven Zivilgesellschaft, die Verantwortung \u00fcbernimmt \u2013 durch Vorbereitung, Aufkl\u00e4rung und konkrete Hilfe im Ernstfall.<\/p>\n\n\n\n<p><strong>Eins\u00e4tze &amp; Projekte<\/strong><\/p>\n\n\n\n<p>Da wir uns noch in der Anfangsphase unseres Vereins befinden sind wir bisher noch nicht aktiv im Einsatz.<\/p>\n\n\n\n<p>Unser Hauptaugenmerk liegt derzeit darin eine grunds\u00e4tzliche Handlungsf\u00e4higkeit zu erreichen um dann aktive Hilfe gew\u00e4hrleisten zu k\u00f6nnen.<\/p>\n\n\n\n<p><strong>Skillsharing und Clean Ups<\/strong><\/p>\n\n\n\n<p>&#8222;Man lernt nie aus &#8211;<br>Geschicklichkeit in den Fingern und im Kopf ist immer hilfreich.<br>Deshalb ist es wichtig, Neues zu lernen, bestehendes Wissen zu verteiefen<br>und Erfahrungen miteinander zu teilen.<br>Ob es um die richtige Verwendung eines spanngurtes geht<br>oder um die Wartung und Reparatur eines Stromaggregates &#8211;<br>unsere Skillsharing-Workshops bieten eine gute Gelegenheit,<br>solche Fertigkeiten zu erlernen und die eigenen F\u00e4higkeiten<br>weiterzuentwickeln.&#8220;<\/p>\n\n\n\n<p>Leider findet sich auch immer h\u00e4ufiger M\u00fcll &#8211;<br>selbst an Orten wo er ganz sicher nicht hingeh\u00f6rt.<br>Unsere Clean-Ups sind eine einfache, aber wirkungsvolle<br>M\u00f6glichkeit, aktiv etwas f\u00fcr unsere Umwelt zu tun.<br>Gemeinsam befreien wir Natur und Landschaft von Abfall<br>und setzten so ein sichtbares Zeichen f\u00fcr<br>Verantwortung, Zusammenhalt und den Schutz unserer<br>Lebensgrundlage.<\/p>\n\n\n\n<p><strong>Freizeit &amp; Fitness<\/strong><\/p>\n\n\n\n<p>Wenn keine akute Hilfe ben\u00f6tigt wird, bieten wir unseren Mitgliedern alternative M\u00f6glichkeiten, aktiv zu bleiben \u2013 durch Clean-Ups, Skillsharing-Workshops oder gemeinsame Freizeitaktivit\u00e4ten wie Wandern, Radfahren und Sporttreffen.<\/p>\n\n\n\n<p>Eine gewisse Grundfitness unserer Mitglieder ist uns wichtig, um im Ernstfall schnell und ausdauernd helfen zu k\u00f6nnen.<\/p>\n\n\n\n<p>Wir sind ein offener und freundlicher Verein. Jede*r ist willkommen, der unsere Werte teilt und mit anpacken will.<\/p>\n\n\n\n<p>Gemeinsam stark \u2013 f\u00fcr eine bessere Zukunft.<\/p>\n","protected":false},"excerpt":{"rendered":"<p>Katastrophenhilfe und Vorsorge Warum Katastrophenvorsorge heute wichtiger ist denn je:\u00b7 Die Auswirkungen des Klimawandels sind l\u00e4ngst sp\u00fcrbar: Extremwetterlagen wie Starkregen, D\u00fcrreperioden, Hitzewellen und Waldbr\u00e4nde nehmen in Deutschland und weltweit messbar zu \u2013 und werden zur neuen Normalit\u00e4t.\u00b7 Naturkatastrophen treffen oft unerwartet \u2013 und genau dann z\u00e4hlt jede Minute. Deshalb ist Vorsorge kein Luxus, sondern Notwendigkeit.\u00b7 [&hellip;]<\/p>\n","protected":false},"author":1,"featured_media":0,"parent":0,"menu_order":0,"comment_status":"closed","ping_status":"closed","template":"","meta":{"saved_in_kubio":false,"footnotes":""},"class_list":["post-147","page","type-page","status-publish","hentry"],"kubio_ai_page_context":{"short_desc":"","purpose":"general"},"_links":{"self":[{"href":"https:\/\/milzi.org\/index.php\/wp-json\/wp\/v2\/pages\/147","targetHints":{"allow":["GET"]}}],"collection":[{"href":"https:\/\/milzi.org\/index.php\/wp-json\/wp\/v2\/pages"}],"about":[{"href":"https:\/\/milzi.org\/index.php\/wp-json\/wp\/v2\/types\/page"}],"author":[{"embeddable":true,"href":"https:\/\/milzi.org\/index.php\/wp-json\/wp\/v2\/users\/1"}],"replies":[{"embeddable":true,"href":"https:\/\/milzi.org\/index.php\/wp-json\/wp\/v2\/comments?post=147"}],"version-history":[{"count":9,"href":"https:\/\/milzi.org\/index.php\/wp-json\/wp\/v2\/pages\/147\/revisions"}],"predecessor-version":[{"id":187,"href":"https:\/\/milzi.org\/index.php\/wp-json\/wp\/v2\/pages\/147\/revisions\/187"}],"wp:attachment":[{"href":"https:\/\/milzi.org\/index.php\/wp-json\/wp\/v2\/media?parent=147"}],"curies":[{"name":"wp","href":"https:\/\/api.w.org\/{rel}","templated":true}]}}