{"id":149,"date":"2025-05-29T13:54:33","date_gmt":"2025-05-29T11:54:33","guid":{"rendered":"https:\/\/milzi.org\/?page_id=149"},"modified":"2025-05-31T18:52:46","modified_gmt":"2025-05-31T16:52:46","slug":"achtsamkeit-werte","status":"publish","type":"page","link":"https:\/\/milzi.org\/index.php\/achtsamkeit-werte\/","title":{"rendered":"MoralKompass"},"content":{"rendered":"\n<p><strong>Safespace und Respektkultur<\/strong><\/p>\n\n\n\n<p>Im MILZI Verein leben wir eine respektvolle und solidarische Gemeinschaft. <\/p>\n\n\n\n<p>Wir machen keinen Unterschied zwischen den Geschlechtern und begegnen allen Menschen mit dem gleichen Respekt. Pers\u00f6hnliche Grenzen weden geachtet &#8211; immer. Unser Ziel ist es, einen sicheren Raum zu schaffen, in dem sich jedes Mitglied wohl, ernst genommen und gesch\u00fcztz f\u00fchlt.<\/p>\n\n\n\n<p>Niemand steht allein &#8211; wir handeln gemeinsam.<\/p>\n\n\n\n<p><strong>Verhaltenskodex<\/strong><\/p>\n\n\n\n<ol class=\"wp-block-list\">\n<li>Als Milizion\u00e4r*in \u00fcbernehme ich stolz die Verantwortung f\u00fcr mein Handeln und das Wohl der Gemeinschaft.<\/li>\n<\/ol>\n\n\n\n<ol start=\"2\" class=\"wp-block-list\">\n<li>Im Verein stehen wir f\u00fcreinander ein und helfen dort, wo Hilfe gebraucht wird.<\/li>\n<\/ol>\n\n\n\n<ol start=\"3\" class=\"wp-block-list\">\n<li>Ich handle stets bewusst und im Sinne unserer gemeinsamen Ziele.<\/li>\n\n\n\n<li>Wir diskutieren offen und respektvoll \u2013 jede Stimme wird geh\u00f6rt und gesch\u00e4tzt.<\/li>\n\n\n\n<li>Ich reflektiere mein Handeln und lerne aus Fehlern, um jeden Tag ein St\u00fcck besser zu werden.<\/li>\n\n\n\n<li>Wir achten die pers\u00f6nlichen Grenzen aller und schaffen ein Umfeld des Vertrauens.<\/li>\n\n\n\n<li>Ich pflege meine Uniform und Ausr\u00fcstung \u2013 sie sind Zeichen unserer Gemeinschaft und Verantwortung.<\/li>\n\n\n\n<li>Wir wahren eine wertsch\u00e4tzende Sprache und begegnen jedem Menschen mit Respekt.<\/li>\n\n\n\n<li>Ich gehe achtsam mit Medien und pers\u00f6nlichen Daten um und sensibilisiere andere daf\u00fcr.<\/li>\n\n\n\n<li>Wir leben Mitbestimmung und gestalten unsere Gemeinschaft gemeinsam \u2013 jede*r ist wichtig.<\/li>\n<\/ol>\n\n\n\n<p><strong>Grunds\u00e4tze<\/strong><\/p>\n\n\n\n<p>\u201eUniform tragend mit Barett auf dem Kopf gelten folgende Verhaltensregeln:\u201c<\/p>\n\n\n\n<p>(Das Barett ist der Hut der Verantwortung \u2013 f\u00fcr dich und f\u00fcr alle anderen, die diesen Hut tragen.)<\/p>\n\n\n\n<p>Seid lieb.<\/p>\n\n\n\n<p>Seid h\u00f6flich.<\/p>\n\n\n\n<p>Seid hilfsbereit.<\/p>\n\n\n\n<p>Seid nicht faul.<\/p>\n\n\n\n<p>Seid euch bewusst, was ihr tut.<\/p>\n\n\n\n<p>Seid effizient im Denken und Handeln.<\/p>\n\n\n\n<p>Seid stets achtsam auf Uniform und Ausr\u00fcstung.<\/p>\n\n\n\n<p>Lasst pers\u00f6nliche Streitigkeiten zu Hause.<\/p>\n\n\n\n<p>Seid nicht nachl\u00e4ssig.<\/p>\n\n\n\n<p>Sagt, was ihr denkt \u2013 scheut keine Diskussion, aber lasst den Dickkopf beiseite.<\/p>\n\n\n\n<p>Bedenkt stets: Unser Handeln dient einem gr\u00f6\u00dferen Ziel.<\/p>\n\n\n\n<p><\/p>\n\n\n\n<p><\/p>\n","protected":false},"excerpt":{"rendered":"<p>Safespace und Respektkultur Im MILZI Verein leben wir eine respektvolle und solidarische Gemeinschaft. Wir machen keinen Unterschied zwischen den Geschlechtern und begegnen allen Menschen mit dem gleichen Respekt. Pers\u00f6hnliche Grenzen weden geachtet &#8211; immer. Unser Ziel ist es, einen sicheren Raum zu schaffen, in dem sich jedes Mitglied wohl, ernst genommen und gesch\u00fcztz f\u00fchlt. Niemand [&hellip;]<\/p>\n","protected":false},"author":1,"featured_media":0,"parent":0,"menu_order":1,"comment_status":"closed","ping_status":"closed","template":"","meta":{"saved_in_kubio":false,"footnotes":""},"class_list":["post-149","page","type-page","status-publish","hentry"],"kubio_ai_page_context":{"short_desc":"","purpose":"general"},"_links":{"self":[{"href":"https:\/\/milzi.org\/index.php\/wp-json\/wp\/v2\/pages\/149","targetHints":{"allow":["GET"]}}],"collection":[{"href":"https:\/\/milzi.org\/index.php\/wp-json\/wp\/v2\/pages"}],"about":[{"href":"https:\/\/milzi.org\/index.php\/wp-json\/wp\/v2\/types\/page"}],"author":[{"embeddable":true,"href":"https:\/\/milzi.org\/index.php\/wp-json\/wp\/v2\/users\/1"}],"replies":[{"embeddable":true,"href":"https:\/\/milzi.org\/index.php\/wp-json\/wp\/v2\/comments?post=149"}],"version-history":[{"count":4,"href":"https:\/\/milzi.org\/index.php\/wp-json\/wp\/v2\/pages\/149\/revisions"}],"predecessor-version":[{"id":172,"href":"https:\/\/milzi.org\/index.php\/wp-json\/wp\/v2\/pages\/149\/revisions\/172"}],"wp:attachment":[{"href":"https:\/\/milzi.org\/index.php\/wp-json\/wp\/v2\/media?parent=149"}],"curies":[{"name":"wp","href":"https:\/\/api.w.org\/{rel}","templated":true}]}}