{"id":151,"date":"2025-06-05T19:20:34","date_gmt":"2025-06-05T17:20:34","guid":{"rendered":"https:\/\/milzi.org\/?page_id=151"},"modified":"2025-06-05T19:20:34","modified_gmt":"2025-06-05T17:20:34","slug":"ausruestung-technik","status":"publish","type":"page","link":"https:\/\/milzi.org\/index.php\/ausruestung-technik\/","title":{"rendered":"Ausr\u00fcstung \/ Technik"},"content":{"rendered":"\n<p>Wir arbeiten nach dem Prinzip: Mit wenig kann man viel bewegen.<br>Unsere Ausr\u00fcstung ist \u00fcberschaubar, aber durchdacht \u2013 und vieles entsteht in Eigenarbeit (DIY).<br>Gro\u00dfes Ger\u00e4t steht uns selten zur Verf\u00fcgung, daf\u00fcr setzen wir auf robuste Standards und clevere L\u00f6sungen.<\/p>\n\n\n\n<p><\/p>\n\n\n\n<p>Unsere Technik lebt vom Engagement unserer Mitglieder.<br>Gespendete Ger\u00e4te, selbstgebaute L\u00f6sungen und klassisches Werkzeug geh\u00f6ren genauso dazu wie Stromerzeuger, Flutlichter und n\u00fctzliche Alltagshelfer.<br>Der Fuhrpark wird privat zur Verf\u00fcgung gestellt, Wartung und Reparatur erfolgen durch Learning by Doing und Skillsharing im Team.<br>So w\u00e4chst nicht nur die Technik \u2013 sondern auch unser Wissen.<\/p>\n","protected":false},"excerpt":{"rendered":"<p>Wir arbeiten nach dem Prinzip: Mit wenig kann man viel bewegen.Unsere Ausr\u00fcstung ist \u00fcberschaubar, aber durchdacht \u2013 und vieles entsteht in Eigenarbeit (DIY).Gro\u00dfes Ger\u00e4t steht uns selten zur Verf\u00fcgung, daf\u00fcr setzen wir auf robuste Standards und clevere L\u00f6sungen. Unsere Technik lebt vom Engagement unserer Mitglieder.Gespendete Ger\u00e4te, selbstgebaute L\u00f6sungen und klassisches Werkzeug geh\u00f6ren genauso dazu wie [&hellip;]<\/p>\n","protected":false},"author":1,"featured_media":0,"parent":0,"menu_order":0,"comment_status":"closed","ping_status":"closed","template":"","meta":{"saved_in_kubio":false,"footnotes":""},"class_list":["post-151","page","type-page","status-publish","hentry"],"kubio_ai_page_context":{"short_desc":"","purpose":"general"},"_links":{"self":[{"href":"https:\/\/milzi.org\/index.php\/wp-json\/wp\/v2\/pages\/151","targetHints":{"allow":["GET"]}}],"collection":[{"href":"https:\/\/milzi.org\/index.php\/wp-json\/wp\/v2\/pages"}],"about":[{"href":"https:\/\/milzi.org\/index.php\/wp-json\/wp\/v2\/types\/page"}],"author":[{"embeddable":true,"href":"https:\/\/milzi.org\/index.php\/wp-json\/wp\/v2\/users\/1"}],"replies":[{"embeddable":true,"href":"https:\/\/milzi.org\/index.php\/wp-json\/wp\/v2\/comments?post=151"}],"version-history":[{"count":2,"href":"https:\/\/milzi.org\/index.php\/wp-json\/wp\/v2\/pages\/151\/revisions"}],"predecessor-version":[{"id":188,"href":"https:\/\/milzi.org\/index.php\/wp-json\/wp\/v2\/pages\/151\/revisions\/188"}],"wp:attachment":[{"href":"https:\/\/milzi.org\/index.php\/wp-json\/wp\/v2\/media?parent=151"}],"curies":[{"name":"wp","href":"https:\/\/api.w.org\/{rel}","templated":true}]}}