{"id":177,"date":"2025-06-01T18:36:32","date_gmt":"2025-06-01T16:36:32","guid":{"rendered":"https:\/\/milzi.org\/?page_id=177"},"modified":"2025-06-01T18:49:08","modified_gmt":"2025-06-01T16:49:08","slug":"katastrophe-was-nun","status":"publish","type":"page","link":"https:\/\/milzi.org\/index.php\/katastrophe-was-nun\/","title":{"rendered":"Katastrophe! was nun?"},"content":{"rendered":"\n<p>Starkregen, Hochwasser und \u00dcberschwemmungen werden uns in Zukunft genau so oft besch\u00e4ftigen wie Hitze und D\u00fcrre-Perioden und damit zusammenh\u00e4ngende Trockenheit und Waldbrandgefahr.<\/p>\n\n\n\n<p>Was kann ich selbst vorsorglich tun? und was wird im Ernstfall gebraucht?<\/p>\n\n\n\n<p><strong>Bei Hitze<\/strong><\/p>\n\n\n\n<p>-Viel trinken (Mind. 2 Liter\/Tag)<br>-Wohnung k\u00fchl halten (Tags\u00fcber Fenster schlie\u00dfen und abdunkeln)<br>-nicht unn\u00f6tig viel Zeit in der Sonne verbringen<br>-produktive Arbeitszeit lieber in die morgen oder abend stunden legen.<br>-Leichte, helle Kleidung tragen<br>-\u00c4ltere und kranke Menschen im Umfeld regelm\u00e4\u00dfig besuchen\/supporten<\/p>\n\n\n\n<p>&#8211;<strong>Werkzeug\/Material:<\/strong><\/p>\n\n\n\n<p>-Sonnensegel oder reflektierende Notfalldecken (zur Raumabschattung)<br>-Ventilatoren<br>-K\u00fchlakkus oder T\u00fccher zum befeuchten<br>-Trinkwasserkanister und Wasserfilter<br>-Sonnenh\u00fcte,M\u00fctzen, Sonnenbrillen. leichte Kleidung<br>-Thermometer (zur Raum und K\u00f6rpertemperatur\u00fcberwachung)<br>-K\u00fchlbox f\u00fcr Medikamente<br>-Erste-Hilfe-Set (mit Elektrolytpr\u00e4paraten)<br>-Checkliste f\u00fcr gef\u00e4hrdete Personen (Kinder, kranke, \u00e4ltere Menschen)<\/p>\n\n\n\n<p><strong>bei Waldbrandgefahr<\/strong>:<\/p>\n\n\n\n<p>-kein offenes Feuer oder Grillen im Wald bzw in trockenen Gebieten.(\u00f6ffentlich ausgeschriebene Feuer und Grillst\u00e4tten benutzen)<br>-Keine Zigarettenkippen in Wald oder Wiese schnippen.<br>-Keine Glasflaschen oder Scherben in trockenen Gebieten liegen lassen. (Brennglas effekt)<br>-Auto nicht auf trockenem Gras abstellen. (Brandgefahr durch hei\u00dfe Teile)<br>-Rauchentwicklung oder Br\u00e4nde sofort melden (112)<br>-Fluchtwege und Sammelstellen in der Umgebung kennen.<\/p>\n\n\n\n<p>&#8211;<strong>Werkzeug\/Ausr\u00fcstung:<\/strong><\/p>\n\n\n\n<p>Zum Glutnester bek\u00e4mpfen, Feuer eind\u00e4mmen, R\u00fcckzugswege sichern.<br>-Feuerpatsche (Flammenklatsche)<br>-Spaten und Hacken f\u00fcr Brandschneisen<br>-Wasserkanister und tragbare Spr\u00fchger\u00e4te<br>-L\u00f6schrucksack oder mobile Wasserpumpe<br>-Atemschutzmaske (FFP2 oder besser)<br>-Schutzhandschuhe und feuerfeste oder schwerentflammbare Kleidung<br>-Stirnlampe<br>-Funkger\u00e4t und Notfallpfeife zur Kommunikation<br>-Kartierungssysteme (Karte des Gebietes, Drohne mit W\u00e4rmebildkamera)<\/p>\n\n\n\n<p><strong>bei Starkregen\/\u00dcberschwemmung\/Hochwasser:<\/strong><\/p>\n\n\n\n<p>-Fr\u00fchzeitig Gefahrenzonen pr\u00fcfen (z.B. Hochwassercheck der Gemeinde)<br>-Welches Wetter ist gemeldet? Welche Mengen Niederschlag pro qm wird erwartet?<br>-Wie trocken sind die B\u00f6den? kann Wasser aufgenommen werden oder wird es an der Oberfl\u00e4che abflie\u00dfen? Abw\u00e4gen wie gef\u00e4hrdet bin ich an meinem Standort<br>-Notfallgep\u00e4ck (&lt;-was ist gemeint?) bereitstellen<br>-Wichtige Dokumente (welche z.B.?) wasserdicht sichern<br>-Gewissen Vorrat an Lebensmitteln (Vorratliste) und Trinkwasser wasserdicht einlagern (NotfallFass oder Tonne)<br>-Elektrische Ger\u00e4te fr\u00fchzeitig abschalten und in h\u00f6here Etagen bringen<\/p>\n\n\n\n<p><strong>-Werkzeug und Material<\/strong><\/p>\n\n\n\n<p>zum Wasser eind\u00e4mmen, Geb\u00e4ude sichern, evakuieren.<br>-Sands\u00e4cke und Schaufeln<br>-Wasserdichte Plane\/Folien zum abdichten von T\u00fcren und Fenstern<br>-Tauchpumpen und Eimer<br>-Notstromaggregat und Kabeltrommeln<br>-Stirnlampen, Taschenlampen, Baustrahler und andere Leuchtmittel<br>-Wasserdichte Dokumententasche<br>-Erste-Hilfe-Set und Hygienepaket, Desinfektionsmittel<br>-Seile und Taue zum befestigen und sichern von Mensch und Material<br>-Schubkarre, Handwagen<\/p>\n\n\n\n<p><strong>Bei Erdbeben<\/strong><\/p>\n\n\n\n<p>-Stabilen Schutzplan im Haus kennen (unter stabilem Tisch, T\u00fcrrahmen, Keller etc.)<br>-Herabfallende Gegegst\u00e4nde sichern<br>-Notfallgep\u00e4ck, Notfallvorrat und Taschenlampe griffbereit wissen.<br>-Nach dem Beben sofort Gas und Strom pr\u00fcfen, auf sichere Fluchtwege achten.<\/p>\n\n\n\n<p><strong>-Werkzeug und Material<\/strong><\/p>\n\n\n\n<p>zum Tr\u00fcmmer beseitigen, Menschen retten, Zug\u00e4nge sichern.<br>-Brechstange und Hebelwerkzeug<br>-Spaten und Spitzhacke<br>-Akkuschrauber und Bohrhammer<br>-Schutzhelme und Schutzbrille<br>-Atemschutzmasken gegen Staub<br>-Erste-Hilfe-Set und Tragen<br>-Seile, Flaschenzug und Karabiner<br>-Rettungsdecke<br>-Baust\u00fctzen zur Sicherung von R\u00e4umen und Tr\u00fcmmerteilen<br>-Notfallrucksack mit Vorr\u00e4ten<\/p>\n","protected":false},"excerpt":{"rendered":"<p>Starkregen, Hochwasser und \u00dcberschwemmungen werden uns in Zukunft genau so oft besch\u00e4ftigen wie Hitze und D\u00fcrre-Perioden und damit zusammenh\u00e4ngende Trockenheit und Waldbrandgefahr. Was kann ich selbst vorsorglich tun? und was wird im Ernstfall gebraucht? Bei Hitze -Viel trinken (Mind. 2 Liter\/Tag)-Wohnung k\u00fchl halten (Tags\u00fcber Fenster schlie\u00dfen und abdunkeln)-nicht unn\u00f6tig viel Zeit in der Sonne verbringen-produktive [&hellip;]<\/p>\n","protected":false},"author":1,"featured_media":0,"parent":0,"menu_order":0,"comment_status":"closed","ping_status":"closed","template":"","meta":{"saved_in_kubio":false,"footnotes":""},"class_list":["post-177","page","type-page","status-publish","hentry"],"kubio_ai_page_context":{"short_desc":"","purpose":"general"},"_links":{"self":[{"href":"https:\/\/milzi.org\/index.php\/wp-json\/wp\/v2\/pages\/177","targetHints":{"allow":["GET"]}}],"collection":[{"href":"https:\/\/milzi.org\/index.php\/wp-json\/wp\/v2\/pages"}],"about":[{"href":"https:\/\/milzi.org\/index.php\/wp-json\/wp\/v2\/types\/page"}],"author":[{"embeddable":true,"href":"https:\/\/milzi.org\/index.php\/wp-json\/wp\/v2\/users\/1"}],"replies":[{"embeddable":true,"href":"https:\/\/milzi.org\/index.php\/wp-json\/wp\/v2\/comments?post=177"}],"version-history":[{"count":2,"href":"https:\/\/milzi.org\/index.php\/wp-json\/wp\/v2\/pages\/177\/revisions"}],"predecessor-version":[{"id":183,"href":"https:\/\/milzi.org\/index.php\/wp-json\/wp\/v2\/pages\/177\/revisions\/183"}],"wp:attachment":[{"href":"https:\/\/milzi.org\/index.php\/wp-json\/wp\/v2\/media?parent=177"}],"curies":[{"name":"wp","href":"https:\/\/api.w.org\/{rel}","templated":true}]}}