{"id":30,"date":"2024-12-19T21:43:44","date_gmt":"2024-12-19T20:43:44","guid":{"rendered":"http:\/\/217.160.24.32\/index.php\/ueber-uns\/"},"modified":"2025-05-29T14:43:13","modified_gmt":"2025-05-29T12:43:13","slug":"ueber-uns","status":"publish","type":"page","link":"https:\/\/milzi.org\/index.php\/ueber-uns\/","title":{"rendered":"\u00dcber uns"},"content":{"rendered":"\n<p>Unser Verein wurde aus der Not heraus gegr\u00fcndet \u2013 weil wir wissen, dass Naturkatastrophen in Zukunft zunehmen werden und es nie genug helfende H\u00e4nde geben kann.<\/p>\n\n\n\n<p>Wir sind ein wachsender Freundeskreis mit gemeinsamer \u00dcberzeugung: Wenn Hilfe gebraucht wird, m\u00fcssen wir bereitstehen.<\/p>\n\n\n\n<p>Einige von uns waren bereits nach der Flutkatastrophe im Ahrtal im Einsatz, um vor Ort zu helfen und wertvolle Erfahrungen zu sammeln.<\/p>\n\n\n\n<p>Daraus entstand unser Ziel, eine schnelle und flexible Hilfsstruktur aufzubauen, die in Katastrophengebieten unmittelbar Unterst\u00fctzung leisten kann.<\/p>\n\n\n\n<p><strong>Selbstverst\u00e4ndnis und Ziele<\/strong><\/p>\n\n\n\n<p>Als gemeinn\u00fctziger Verein organisieren wir freiwillige Helfer*innen sowie die n\u00f6tige Infrastruktur \u2013 von Zelten und Betten \u00fcber Zeltlager Infratsuktur bis hin zu Werkzeugen und Ausr\u00fcstung.<\/p>\n\n\n\n<p>Wir wollen in Notlagen sofort einsatzf\u00e4hig sein und in betroffenen Regionen effektiv helfen.<\/p>\n\n\n\n<p>Ein Schwerpunkt liegt auf der technischen Unterst\u00fctzung.<\/p>\n\n\n\n<p>Neben der Bereitstellung von Werkzeug und Material wie Notstromaggregate oder Wasserpumpen wollen wir mittels 3D-Druck unsere eigenen Drohnen mit Infrarot-Kameras entwickeln, um Rettungskr\u00e4ften bei der Suche nach \u00dcberlebenden zu helfen oder Glutnester in Waldbrandgebieten ausfindig zu machen.<\/p>\n\n\n\n<p><strong>Grundstruktur<\/strong><\/p>\n\n\n\n<p>Unser Verein arbeitet in Kleingruppen.<\/p>\n\n\n\n<p>Mindestens 3 Mitglieder bilden eine Gruppe,<\/p>\n\n\n\n<p>bis maximal 5 Mitglieder in einer Gruppe.<\/p>\n\n\n\n<p>Die jeweiligen Gruppen bestimmen einen Sprecher, dessen Name dann dem Namen der Gruppe entspricht.<\/p>\n\n\n\n<p>Alle jeweiligen Aufgaben einer Situation werden von Kleingruppen erledigt.<\/p>\n\n\n\n<p>Keiner arbeitet alleine.<\/p>\n\n\n\n<p><strong>Uniform und Symbolik<\/strong><\/p>\n\n\n\n<p>Wir tragen unsere Uniform als Arbeitskleidung.<br>Dabei steht das schwarz der Hosen f\u00fcr die Asche der verbrannten Erde bzw f\u00fcr den Schlamm nach einer \u00dcberschwemmung.<br>Darauf kommt das gr\u00fcne Hemd symbolisch f\u00fcr die Hoffnung, den Wiederaufbau und Wachstum.<br>Auf unserem ebenfalls gr\u00fcnen Barett tragen wir den nautischen Stern in schwarz\/rot, ein Sinnbild f\u00fcr Orientierung und unseren inneren Kompass: den Wunsch zu helfen, einander zu st\u00fctzen und solidarisch f\u00fcr die Gemeinschaft einzustehen.<br>Der Stern ist von einem Zahnrad umschlossen. es steht f\u00fcr unsere \u00dcberzeugung, dass jedes Mitglied &#8211; wie ein kleines R\u00e4dchen in einem gro\u00dfen Getriebe &#8211; einen wichtigen beitrag zum bew\u00e4ltigen der jeweiligen Situation leistet.  Nur im Zusammenwirken entfaltet unsere Gemeinschaft ihre volle St\u00e4rke.<\/p>\n","protected":false},"excerpt":{"rendered":"<p>Unser Verein wurde aus der Not heraus gegr\u00fcndet \u2013 weil wir wissen, dass Naturkatastrophen in Zukunft zunehmen werden und es nie genug helfende H\u00e4nde geben kann. Wir sind ein wachsender Freundeskreis mit gemeinsamer \u00dcberzeugung: Wenn Hilfe gebraucht wird, m\u00fcssen wir bereitstehen. Einige von uns waren bereits nach der Flutkatastrophe im Ahrtal im Einsatz, um vor [&hellip;]<\/p>\n","protected":false},"author":1,"featured_media":0,"parent":0,"menu_order":0,"comment_status":"closed","ping_status":"closed","template":"full-width","meta":{"saved_in_kubio":true,"footnotes":""},"class_list":["post-30","page","type-page","status-publish","hentry"],"kubio_ai_page_context":{"short_desc":"","purpose":"general"},"_links":{"self":[{"href":"https:\/\/milzi.org\/index.php\/wp-json\/wp\/v2\/pages\/30","targetHints":{"allow":["GET"]}}],"collection":[{"href":"https:\/\/milzi.org\/index.php\/wp-json\/wp\/v2\/pages"}],"about":[{"href":"https:\/\/milzi.org\/index.php\/wp-json\/wp\/v2\/types\/page"}],"author":[{"embeddable":true,"href":"https:\/\/milzi.org\/index.php\/wp-json\/wp\/v2\/users\/1"}],"replies":[{"embeddable":true,"href":"https:\/\/milzi.org\/index.php\/wp-json\/wp\/v2\/comments?post=30"}],"version-history":[{"count":4,"href":"https:\/\/milzi.org\/index.php\/wp-json\/wp\/v2\/pages\/30\/revisions"}],"predecessor-version":[{"id":163,"href":"https:\/\/milzi.org\/index.php\/wp-json\/wp\/v2\/pages\/30\/revisions\/163"}],"wp:attachment":[{"href":"https:\/\/milzi.org\/index.php\/wp-json\/wp\/v2\/media?parent=30"}],"curies":[{"name":"wp","href":"https:\/\/api.w.org\/{rel}","templated":true}]}}